{"id":1233,"date":"2026-03-26T10:24:14","date_gmt":"2026-03-26T10:24:14","guid":{"rendered":"https:\/\/www.test.tala0626.odns.fr\/?page_id=1233"},"modified":"2026-03-26T10:24:14","modified_gmt":"2026-03-26T10:24:14","slug":"mentions-legales","status":"publish","type":"page","link":"https:\/\/gitelesintemporels.fr\/en\/mentions-legales\/","title":{"rendered":"Legal notice"},"content":{"rendered":"<p>Legal notice<\/p>\n\n\n\n<p>Website name: Les Intemporels Guesthouse<\/p>\n\n\n\n<p>Website owner:<br>SAS XLJ\u00b2 IMMO<br>President: Laetitia TANQUEREL<br>SIRET : 930 419 908 00015<br>Address: 96 Rue du Verger, 71290 Cuisery, France<br>E-mail : gitelesintemporels@gmail.com<br>Phone: +33 6 16 36 07 08<\/p>\n\n\n\n<p>Publication manager:<br>La\u00ebtitia TANQUEREL<\/p>\n\n\n\n<p>Hosting provider:<br>O2Switch<br>222-224 Boulevard Gustave Flaubert<br>63000 Clermont-Ferrand \u2013 France<br>Website: https:\/\/www.o2switch.fr<\/p>\n\n\n\n<p>Purpose of the website:<br>The Les Intemporels website is intended to present and enable the booking of guesthouse stays.<\/p>\n\n\n\n<p>Intellectual property:<br>All content on this website (texts, images, photographs, graphic elements) is the exclusive property of Laetitia TANQUEREL, unless otherwise stated.<br>Any reproduction, representation or use, whether in whole or in part, is strictly prohibited without prior authorization.<\/p>\n\n\n\n<p>Liability:<br>The information provided on this website is for informational purposes only.<br>Laetitia TANQUEREL strives to ensure its accuracy but cannot be held liable for any errors, omissions, or for any use that may be made of the information.<\/p>\n\n\n\n<p><\/p>","protected":false},"excerpt":{"rendered":"<p>Mentions l\u00e9gales Nom du site : G\u00eete Les Intemporels Propri\u00e9taire du site :SAS XLJ\u00b2 IMMOPr\u00e9sidente : La\u00ebtitia TANQUERELSIRET : 930 [&hellip;]<\/p>\n","protected":false},"author":1,"featured_media":0,"parent":0,"menu_order":0,"comment_status":"closed","ping_status":"closed","template":"","meta":{"site-sidebar-layout":"default","site-content-layout":"","ast-site-content-layout":"default","site-content-style":"default","site-sidebar-style":"default","ast-global-header-display":"","ast-banner-title-visibility":"","ast-main-header-display":"","ast-hfb-above-header-display":"","ast-hfb-below-header-display":"","ast-hfb-mobile-header-display":"","site-post-title":"","ast-breadcrumbs-content":"","ast-featured-img":"","footer-sml-layout":"","ast-disable-related-posts":"","theme-transparent-header-meta":"","adv-header-id-meta":"","stick-header-meta":"","header-above-stick-meta":"","header-main-stick-meta":"","header-below-stick-meta":"","astra-migrate-meta-layouts":"default","ast-page-background-enabled":"default","ast-page-background-meta":{"desktop":{"background-color":"var(--ast-global-color-5)","background-image":"","background-repeat":"repeat","background-position":"center center","background-size":"auto","background-attachment":"scroll","background-type":"","background-media":"","overlay-type":"","overlay-color":"","overlay-opacity":"","overlay-gradient":""},"tablet":{"background-color":"","background-image":"","background-repeat":"repeat","background-position":"center center","background-size":"auto","background-attachment":"scroll","background-type":"","background-media":"","overlay-type":"","overlay-color":"","overlay-opacity":"","overlay-gradient":""},"mobile":{"background-color":"","background-image":"","background-repeat":"repeat","background-position":"center center","background-size":"auto","background-attachment":"scroll","background-type":"","background-media":"","overlay-type":"","overlay-color":"","overlay-opacity":"","overlay-gradient":""}},"ast-content-background-meta":{"desktop":{"background-color":"var(--ast-global-color-4)","background-image":"","background-repeat":"repeat","background-position":"center center","background-size":"auto","background-attachment":"scroll","background-type":"","background-media":"","overlay-type":"","overlay-color":"","overlay-opacity":"","overlay-gradient":""},"tablet":{"background-color":"var(--ast-global-color-4)","background-image":"","background-repeat":"repeat","background-position":"center center","background-size":"auto","background-attachment":"scroll","background-type":"","background-media":"","overlay-type":"","overlay-color":"","overlay-opacity":"","overlay-gradient":""},"mobile":{"background-color":"var(--ast-global-color-4)","background-image":"","background-repeat":"repeat","background-position":"center center","background-size":"auto","background-attachment":"scroll","background-type":"","background-media":"","overlay-type":"","overlay-color":"","overlay-opacity":"","overlay-gradient":""}},"footnotes":""},"class_list":["post-1233","page","type-page","status-publish","hentry"],"yoast_head":"<!-- This site is optimized with the Yoast SEO plugin v27.2 - https:\/\/yoast.com\/product\/yoast-seo-wordpress\/ -->\n<title>Mentions l\u00e9gales - G\u00eete Les Intemporels<\/title>\n<meta name=\"robots\" content=\"index, follow, max-snippet:-1, max-image-preview:large, max-video-preview:-1\" \/>\n<link rel=\"canonical\" href=\"https:\/\/gitelesintemporels.fr\/en\/mentions-legales\/\" \/>\n<meta property=\"og:locale\" content=\"en_GB\" \/>\n<meta property=\"og:type\" content=\"article\" \/>\n<meta property=\"og:title\" content=\"Mentions l\u00e9gales - G\u00eete Les Intemporels\" \/>\n<meta property=\"og:description\" content=\"Mentions l\u00e9gales Nom du site : G\u00eete Les Intemporels Propri\u00e9taire du site :SAS XLJ\u00b2 IMMOPr\u00e9sidente : La\u00ebtitia TANQUERELSIRET : 930 [&hellip;]\" \/>\n<meta property=\"og:url\" content=\"https:\/\/gitelesintemporels.fr\/en\/mentions-legales\/\" \/>\n<meta property=\"og:site_name\" content=\"G\u00eete Les Intemporels\" \/>\n<meta name=\"twitter:card\" content=\"summary_large_image\" \/>\n<meta name=\"twitter:label1\" content=\"Estimated reading time\" \/>\n\t<meta name=\"twitter:data1\" content=\"1 minute\" \/>\n<script type=\"application\/ld+json\" class=\"yoast-schema-graph\">{\"@context\":\"https:\/\/schema.org\",\"@graph\":[{\"@type\":\"WebPage\",\"@id\":\"https:\/\/gitelesintemporels.fr\/mentions-legales\/\",\"url\":\"https:\/\/gitelesintemporels.fr\/mentions-legales\/\",\"name\":\"Mentions l\u00e9gales - G\u00eete Les Intemporels\",\"isPartOf\":{\"@id\":\"https:\/\/gitelesintemporels.fr\/#website\"},\"datePublished\":\"2026-03-26T10:24:14+00:00\",\"breadcrumb\":{\"@id\":\"https:\/\/gitelesintemporels.fr\/mentions-legales\/#breadcrumb\"},\"inLanguage\":\"en-GB\",\"potentialAction\":[{\"@type\":\"ReadAction\",\"target\":[\"https:\/\/gitelesintemporels.fr\/mentions-legales\/\"]}]},{\"@type\":\"BreadcrumbList\",\"@id\":\"https:\/\/gitelesintemporels.fr\/mentions-legales\/#breadcrumb\",\"itemListElement\":[{\"@type\":\"ListItem\",\"position\":1,\"name\":\"Accueil\",\"item\":\"https:\/\/gitelesintemporels.fr\/\"},{\"@type\":\"ListItem\",\"position\":2,\"name\":\"Mentions l\u00e9gales\"}]},{\"@type\":\"WebSite\",\"@id\":\"https:\/\/gitelesintemporels.fr\/#website\",\"url\":\"https:\/\/gitelesintemporels.fr\/\",\"name\":\"G\u00eete Les Intemporels\",\"description\":\"G\u00eetes de charme haut de gamme avec piscine chauff\u00e9e\",\"publisher\":{\"@id\":\"https:\/\/gitelesintemporels.fr\/#organization\"},\"potentialAction\":[{\"@type\":\"SearchAction\",\"target\":{\"@type\":\"EntryPoint\",\"urlTemplate\":\"https:\/\/gitelesintemporels.fr\/?s={search_term_string}\"},\"query-input\":{\"@type\":\"PropertyValueSpecification\",\"valueRequired\":true,\"valueName\":\"search_term_string\"}}],\"inLanguage\":\"en-GB\"},{\"@type\":\"Organization\",\"@id\":\"https:\/\/gitelesintemporels.fr\/#organization\",\"name\":\"G\u00eete Les Intemporels\",\"url\":\"https:\/\/gitelesintemporels.fr\/\",\"logo\":{\"@type\":\"ImageObject\",\"inLanguage\":\"en-GB\",\"@id\":\"https:\/\/gitelesintemporels.fr\/#\/schema\/logo\/image\/\",\"url\":\"https:\/\/gitelesintemporels.fr\/wp-content\/uploads\/2026\/05\/cropped-gite-les-intemporels-gite-4-etoiles-cuisery-saone-et-loire-bourgogne.png\",\"contentUrl\":\"https:\/\/gitelesintemporels.fr\/wp-content\/uploads\/2026\/05\/cropped-gite-les-intemporels-gite-4-etoiles-cuisery-saone-et-loire-bourgogne.png\",\"width\":425,\"height\":402,\"caption\":\"G\u00eete Les Intemporels\"},\"image\":{\"@id\":\"https:\/\/gitelesintemporels.fr\/#\/schema\/logo\/image\/\"}}]}<\/script>\n<!-- \/ Yoast SEO plugin. -->","yoast_head_json":{"title":"Mentions l\u00e9gales - G\u00eete Les Intemporels","robots":{"index":"index","follow":"follow","max-snippet":"max-snippet:-1","max-image-preview":"max-image-preview:large","max-video-preview":"max-video-preview:-1"},"canonical":"https:\/\/gitelesintemporels.fr\/en\/mentions-legales\/","og_locale":"en_GB","og_type":"article","og_title":"Mentions l\u00e9gales - G\u00eete Les Intemporels","og_description":"Mentions l\u00e9gales Nom du site : G\u00eete Les Intemporels Propri\u00e9taire du site :SAS XLJ\u00b2 IMMOPr\u00e9sidente : La\u00ebtitia TANQUERELSIRET : 930 [&hellip;]","og_url":"https:\/\/gitelesintemporels.fr\/en\/mentions-legales\/","og_site_name":"G\u00eete Les Intemporels","twitter_card":"summary_large_image","twitter_misc":{"Estimated reading time":"1 minute"},"schema":{"@context":"https:\/\/schema.org","@graph":[{"@type":"WebPage","@id":"https:\/\/gitelesintemporels.fr\/mentions-legales\/","url":"https:\/\/gitelesintemporels.fr\/mentions-legales\/","name":"Mentions l\u00e9gales - G\u00eete Les Intemporels","isPartOf":{"@id":"https:\/\/gitelesintemporels.fr\/#website"},"datePublished":"2026-03-26T10:24:14+00:00","breadcrumb":{"@id":"https:\/\/gitelesintemporels.fr\/mentions-legales\/#breadcrumb"},"inLanguage":"en-GB","potentialAction":[{"@type":"ReadAction","target":["https:\/\/gitelesintemporels.fr\/mentions-legales\/"]}]},{"@type":"BreadcrumbList","@id":"https:\/\/gitelesintemporels.fr\/mentions-legales\/#breadcrumb","itemListElement":[{"@type":"ListItem","position":1,"name":"Accueil","item":"https:\/\/gitelesintemporels.fr\/"},{"@type":"ListItem","position":2,"name":"Mentions l\u00e9gales"}]},{"@type":"WebSite","@id":"https:\/\/gitelesintemporels.fr\/#website","url":"https:\/\/gitelesintemporels.fr\/","name":"Les Intemporels holiday rental","description":"G\u00eetes de charme haut de gamme avec piscine chauff\u00e9e","publisher":{"@id":"https:\/\/gitelesintemporels.fr\/#organization"},"potentialAction":[{"@type":"SearchAction","target":{"@type":"EntryPoint","urlTemplate":"https:\/\/gitelesintemporels.fr\/?s={search_term_string}"},"query-input":{"@type":"PropertyValueSpecification","valueRequired":true,"valueName":"search_term_string"}}],"inLanguage":"en-GB"},{"@type":"Organization","@id":"https:\/\/gitelesintemporels.fr\/#organization","name":"Les Intemporels holiday rental","url":"https:\/\/gitelesintemporels.fr\/","logo":{"@type":"ImageObject","inLanguage":"en-GB","@id":"https:\/\/gitelesintemporels.fr\/#\/schema\/logo\/image\/","url":"https:\/\/gitelesintemporels.fr\/wp-content\/uploads\/2026\/05\/cropped-gite-les-intemporels-gite-4-etoiles-cuisery-saone-et-loire-bourgogne.png","contentUrl":"https:\/\/gitelesintemporels.fr\/wp-content\/uploads\/2026\/05\/cropped-gite-les-intemporels-gite-4-etoiles-cuisery-saone-et-loire-bourgogne.png","width":425,"height":402,"caption":"G\u00eete Les Intemporels"},"image":{"@id":"https:\/\/gitelesintemporels.fr\/#\/schema\/logo\/image\/"}}]}},"_links":{"self":[{"href":"https:\/\/gitelesintemporels.fr\/en\/wp-json\/wp\/v2\/pages\/1233","targetHints":{"allow":["GET"]}}],"collection":[{"href":"https:\/\/gitelesintemporels.fr\/en\/wp-json\/wp\/v2\/pages"}],"about":[{"href":"https:\/\/gitelesintemporels.fr\/en\/wp-json\/wp\/v2\/types\/page"}],"author":[{"embeddable":true,"href":"https:\/\/gitelesintemporels.fr\/en\/wp-json\/wp\/v2\/users\/1"}],"replies":[{"embeddable":true,"href":"https:\/\/gitelesintemporels.fr\/en\/wp-json\/wp\/v2\/comments?post=1233"}],"version-history":[{"count":1,"href":"https:\/\/gitelesintemporels.fr\/en\/wp-json\/wp\/v2\/pages\/1233\/revisions"}],"predecessor-version":[{"id":1234,"href":"https:\/\/gitelesintemporels.fr\/en\/wp-json\/wp\/v2\/pages\/1233\/revisions\/1234"}],"wp:attachment":[{"href":"https:\/\/gitelesintemporels.fr\/en\/wp-json\/wp\/v2\/media?parent=1233"}],"curies":[{"name":"wp","href":"https:\/\/api.w.org\/{rel}","templated":true}]}}