{"id":1235,"date":"2026-03-26T10:25:24","date_gmt":"2026-03-26T10:25:24","guid":{"rendered":"https:\/\/www.test.tala0626.odns.fr\/?page_id=1235"},"modified":"2026-03-26T10:25:24","modified_gmt":"2026-03-26T10:25:24","slug":"politique-de-confidentialite","status":"publish","type":"page","link":"https:\/\/gitelesintemporels.fr\/en\/politique-de-confidentialite\/","title":{"rendered":"Privacy policy"},"content":{"rendered":"<p>Privacy policy<\/p>\n\n\n\n<p>The Les Intemporels website collects certain personal data through its contact form.<\/p>\n\n\n\n<p>Data collected:<\/p>\n\n\n\n<ul class=\"wp-block-list\">\n<li>Name<\/li>\n\n\n\n<li>Email address<\/li>\n\n\n\n<li>Message<\/li>\n<\/ul>\n\n\n\n<p>Purpose of data collection:<br>This data is used solely to respond to enquiries submitted via the contact form.<\/p>\n\n\n\n<p>Data controller:<br>SAS XLJ\u00b2 IMMO<br>Represented by Laetitia TANQUEREL<br>E-mail : gitelesintemporels@gmail.com<\/p>\n\n\n\n<p>Data retention period:<br>Personal data is retained for a maximum period of 3 years from the last contact.<\/p>\n\n\n\n<p>Data recipients:<br>The data collected is exclusively intended for Les Intemporels and is neither sold nor shared with third parties.<\/p>\n\n\n\n<p>Your rights:<br>In accordance with applicable regulations, you have the right to access, rectify and delete your personal data.<br>You may exercise these rights at any time by contacting us at : gitelesintemporels@gmail.com<\/p>\n\n\n\n<p>Cookies :<br>This website may use cookies or analytics tools to improve the user experience.<\/p>","protected":false},"excerpt":{"rendered":"<p>Politique de confidentialit\u00e9 Le site G\u00eete Les Intemporels collecte certaines donn\u00e9es personnelles via son formulaire de contact. Donn\u00e9es collect\u00e9es : [&hellip;]<\/p>\n","protected":false},"author":1,"featured_media":0,"parent":0,"menu_order":0,"comment_status":"closed","ping_status":"closed","template":"","meta":{"site-sidebar-layout":"default","site-content-layout":"","ast-site-content-layout":"default","site-content-style":"default","site-sidebar-style":"default","ast-global-header-display":"","ast-banner-title-visibility":"","ast-main-header-display":"","ast-hfb-above-header-display":"","ast-hfb-below-header-display":"","ast-hfb-mobile-header-display":"","site-post-title":"","ast-breadcrumbs-content":"","ast-featured-img":"","footer-sml-layout":"","ast-disable-related-posts":"","theme-transparent-header-meta":"","adv-header-id-meta":"","stick-header-meta":"","header-above-stick-meta":"","header-main-stick-meta":"","header-below-stick-meta":"","astra-migrate-meta-layouts":"default","ast-page-background-enabled":"default","ast-page-background-meta":{"desktop":{"background-color":"var(--ast-global-color-5)","background-image":"","background-repeat":"repeat","background-position":"center center","background-size":"auto","background-attachment":"scroll","background-type":"","background-media":"","overlay-type":"","overlay-color":"","overlay-opacity":"","overlay-gradient":""},"tablet":{"background-color":"","background-image":"","background-repeat":"repeat","background-position":"center center","background-size":"auto","background-attachment":"scroll","background-type":"","background-media":"","overlay-type":"","overlay-color":"","overlay-opacity":"","overlay-gradient":""},"mobile":{"background-color":"","background-image":"","background-repeat":"repeat","background-position":"center center","background-size":"auto","background-attachment":"scroll","background-type":"","background-media":"","overlay-type":"","overlay-color":"","overlay-opacity":"","overlay-gradient":""}},"ast-content-background-meta":{"desktop":{"background-color":"var(--ast-global-color-4)","background-image":"","background-repeat":"repeat","background-position":"center center","background-size":"auto","background-attachment":"scroll","background-type":"","background-media":"","overlay-type":"","overlay-color":"","overlay-opacity":"","overlay-gradient":""},"tablet":{"background-color":"var(--ast-global-color-4)","background-image":"","background-repeat":"repeat","background-position":"center center","background-size":"auto","background-attachment":"scroll","background-type":"","background-media":"","overlay-type":"","overlay-color":"","overlay-opacity":"","overlay-gradient":""},"mobile":{"background-color":"var(--ast-global-color-4)","background-image":"","background-repeat":"repeat","background-position":"center center","background-size":"auto","background-attachment":"scroll","background-type":"","background-media":"","overlay-type":"","overlay-color":"","overlay-opacity":"","overlay-gradient":""}},"footnotes":""},"class_list":["post-1235","page","type-page","status-publish","hentry"],"yoast_head":"<!-- This site is optimized with the Yoast SEO plugin v27.2 - https:\/\/yoast.com\/product\/yoast-seo-wordpress\/ -->\n<title>Politique de confidentialit\u00e9 - G\u00eete Les Intemporels<\/title>\n<meta name=\"robots\" content=\"index, follow, max-snippet:-1, max-image-preview:large, max-video-preview:-1\" \/>\n<link rel=\"canonical\" href=\"https:\/\/gitelesintemporels.fr\/en\/politique-de-confidentialite\/\" \/>\n<meta property=\"og:locale\" content=\"en_GB\" \/>\n<meta property=\"og:type\" content=\"article\" \/>\n<meta property=\"og:title\" content=\"Politique de confidentialit\u00e9 - G\u00eete Les Intemporels\" \/>\n<meta property=\"og:description\" content=\"Politique de confidentialit\u00e9 Le site G\u00eete Les Intemporels collecte certaines donn\u00e9es personnelles via son formulaire de contact. Donn\u00e9es collect\u00e9es : [&hellip;]\" \/>\n<meta property=\"og:url\" content=\"https:\/\/gitelesintemporels.fr\/en\/politique-de-confidentialite\/\" \/>\n<meta property=\"og:site_name\" content=\"G\u00eete Les Intemporels\" \/>\n<meta name=\"twitter:card\" content=\"summary_large_image\" \/>\n<meta name=\"twitter:label1\" content=\"Estimated reading time\" \/>\n\t<meta name=\"twitter:data1\" content=\"1 minute\" \/>\n<script type=\"application\/ld+json\" class=\"yoast-schema-graph\">{\"@context\":\"https:\/\/schema.org\",\"@graph\":[{\"@type\":\"WebPage\",\"@id\":\"https:\/\/gitelesintemporels.fr\/politique-de-confidentialite\/\",\"url\":\"https:\/\/gitelesintemporels.fr\/politique-de-confidentialite\/\",\"name\":\"Politique de confidentialit\u00e9 - G\u00eete Les Intemporels\",\"isPartOf\":{\"@id\":\"https:\/\/gitelesintemporels.fr\/#website\"},\"datePublished\":\"2026-03-26T10:25:24+00:00\",\"breadcrumb\":{\"@id\":\"https:\/\/gitelesintemporels.fr\/politique-de-confidentialite\/#breadcrumb\"},\"inLanguage\":\"en-GB\",\"potentialAction\":[{\"@type\":\"ReadAction\",\"target\":[\"https:\/\/gitelesintemporels.fr\/politique-de-confidentialite\/\"]}]},{\"@type\":\"BreadcrumbList\",\"@id\":\"https:\/\/gitelesintemporels.fr\/politique-de-confidentialite\/#breadcrumb\",\"itemListElement\":[{\"@type\":\"ListItem\",\"position\":1,\"name\":\"Accueil\",\"item\":\"https:\/\/gitelesintemporels.fr\/\"},{\"@type\":\"ListItem\",\"position\":2,\"name\":\"Politique de confidentialit\u00e9\"}]},{\"@type\":\"WebSite\",\"@id\":\"https:\/\/gitelesintemporels.fr\/#website\",\"url\":\"https:\/\/gitelesintemporels.fr\/\",\"name\":\"G\u00eete Les Intemporels\",\"description\":\"G\u00eetes de charme haut de gamme avec piscine chauff\u00e9e\",\"publisher\":{\"@id\":\"https:\/\/gitelesintemporels.fr\/#organization\"},\"potentialAction\":[{\"@type\":\"SearchAction\",\"target\":{\"@type\":\"EntryPoint\",\"urlTemplate\":\"https:\/\/gitelesintemporels.fr\/?s={search_term_string}\"},\"query-input\":{\"@type\":\"PropertyValueSpecification\",\"valueRequired\":true,\"valueName\":\"search_term_string\"}}],\"inLanguage\":\"en-GB\"},{\"@type\":\"Organization\",\"@id\":\"https:\/\/gitelesintemporels.fr\/#organization\",\"name\":\"G\u00eete Les Intemporels\",\"url\":\"https:\/\/gitelesintemporels.fr\/\",\"logo\":{\"@type\":\"ImageObject\",\"inLanguage\":\"en-GB\",\"@id\":\"https:\/\/gitelesintemporels.fr\/#\/schema\/logo\/image\/\",\"url\":\"https:\/\/gitelesintemporels.fr\/wp-content\/uploads\/2026\/05\/cropped-gite-les-intemporels-gite-4-etoiles-cuisery-saone-et-loire-bourgogne.png\",\"contentUrl\":\"https:\/\/gitelesintemporels.fr\/wp-content\/uploads\/2026\/05\/cropped-gite-les-intemporels-gite-4-etoiles-cuisery-saone-et-loire-bourgogne.png\",\"width\":425,\"height\":402,\"caption\":\"G\u00eete Les Intemporels\"},\"image\":{\"@id\":\"https:\/\/gitelesintemporels.fr\/#\/schema\/logo\/image\/\"}}]}<\/script>\n<!-- \/ Yoast SEO plugin. -->","yoast_head_json":{"title":"Politique de confidentialit\u00e9 - G\u00eete Les Intemporels","robots":{"index":"index","follow":"follow","max-snippet":"max-snippet:-1","max-image-preview":"max-image-preview:large","max-video-preview":"max-video-preview:-1"},"canonical":"https:\/\/gitelesintemporels.fr\/en\/politique-de-confidentialite\/","og_locale":"en_GB","og_type":"article","og_title":"Politique de confidentialit\u00e9 - G\u00eete Les Intemporels","og_description":"Politique de confidentialit\u00e9 Le site G\u00eete Les Intemporels collecte certaines donn\u00e9es personnelles via son formulaire de contact. Donn\u00e9es collect\u00e9es : [&hellip;]","og_url":"https:\/\/gitelesintemporels.fr\/en\/politique-de-confidentialite\/","og_site_name":"G\u00eete Les Intemporels","twitter_card":"summary_large_image","twitter_misc":{"Estimated reading time":"1 minute"},"schema":{"@context":"https:\/\/schema.org","@graph":[{"@type":"WebPage","@id":"https:\/\/gitelesintemporels.fr\/politique-de-confidentialite\/","url":"https:\/\/gitelesintemporels.fr\/politique-de-confidentialite\/","name":"Politique de confidentialit\u00e9 - G\u00eete Les Intemporels","isPartOf":{"@id":"https:\/\/gitelesintemporels.fr\/#website"},"datePublished":"2026-03-26T10:25:24+00:00","breadcrumb":{"@id":"https:\/\/gitelesintemporels.fr\/politique-de-confidentialite\/#breadcrumb"},"inLanguage":"en-GB","potentialAction":[{"@type":"ReadAction","target":["https:\/\/gitelesintemporels.fr\/politique-de-confidentialite\/"]}]},{"@type":"BreadcrumbList","@id":"https:\/\/gitelesintemporels.fr\/politique-de-confidentialite\/#breadcrumb","itemListElement":[{"@type":"ListItem","position":1,"name":"Accueil","item":"https:\/\/gitelesintemporels.fr\/"},{"@type":"ListItem","position":2,"name":"Politique de confidentialit\u00e9"}]},{"@type":"WebSite","@id":"https:\/\/gitelesintemporels.fr\/#website","url":"https:\/\/gitelesintemporels.fr\/","name":"Les Intemporels holiday rental","description":"G\u00eetes de charme haut de gamme avec piscine chauff\u00e9e","publisher":{"@id":"https:\/\/gitelesintemporels.fr\/#organization"},"potentialAction":[{"@type":"SearchAction","target":{"@type":"EntryPoint","urlTemplate":"https:\/\/gitelesintemporels.fr\/?s={search_term_string}"},"query-input":{"@type":"PropertyValueSpecification","valueRequired":true,"valueName":"search_term_string"}}],"inLanguage":"en-GB"},{"@type":"Organization","@id":"https:\/\/gitelesintemporels.fr\/#organization","name":"Les Intemporels holiday rental","url":"https:\/\/gitelesintemporels.fr\/","logo":{"@type":"ImageObject","inLanguage":"en-GB","@id":"https:\/\/gitelesintemporels.fr\/#\/schema\/logo\/image\/","url":"https:\/\/gitelesintemporels.fr\/wp-content\/uploads\/2026\/05\/cropped-gite-les-intemporels-gite-4-etoiles-cuisery-saone-et-loire-bourgogne.png","contentUrl":"https:\/\/gitelesintemporels.fr\/wp-content\/uploads\/2026\/05\/cropped-gite-les-intemporels-gite-4-etoiles-cuisery-saone-et-loire-bourgogne.png","width":425,"height":402,"caption":"G\u00eete Les Intemporels"},"image":{"@id":"https:\/\/gitelesintemporels.fr\/#\/schema\/logo\/image\/"}}]}},"_links":{"self":[{"href":"https:\/\/gitelesintemporels.fr\/en\/wp-json\/wp\/v2\/pages\/1235","targetHints":{"allow":["GET"]}}],"collection":[{"href":"https:\/\/gitelesintemporels.fr\/en\/wp-json\/wp\/v2\/pages"}],"about":[{"href":"https:\/\/gitelesintemporels.fr\/en\/wp-json\/wp\/v2\/types\/page"}],"author":[{"embeddable":true,"href":"https:\/\/gitelesintemporels.fr\/en\/wp-json\/wp\/v2\/users\/1"}],"replies":[{"embeddable":true,"href":"https:\/\/gitelesintemporels.fr\/en\/wp-json\/wp\/v2\/comments?post=1235"}],"version-history":[{"count":1,"href":"https:\/\/gitelesintemporels.fr\/en\/wp-json\/wp\/v2\/pages\/1235\/revisions"}],"predecessor-version":[{"id":1236,"href":"https:\/\/gitelesintemporels.fr\/en\/wp-json\/wp\/v2\/pages\/1235\/revisions\/1236"}],"wp:attachment":[{"href":"https:\/\/gitelesintemporels.fr\/en\/wp-json\/wp\/v2\/media?parent=1235"}],"curies":[{"name":"wp","href":"https:\/\/api.w.org\/{rel}","templated":true}]}}